{"id":320,"date":"2020-04-14T15:23:50","date_gmt":"2020-04-14T15:23:50","guid":{"rendered":"https:\/\/www.ghcampione.com\/esperienze\/"},"modified":"2021-06-09T14:29:56","modified_gmt":"2021-06-09T14:29:56","slug":"erleben","status":"publish","type":"page","link":"https:\/\/www.ghcampione.com\/de\/erleben\/","title":{"rendered":"Erleben"},"content":{"rendered":"<p>Das Personal des <strong>Grand Hotel Campione<\/strong> steht Ihnen jederzeit zur Verf\u00fcgung, um Ihren Seeurlaub zu einer unvergesslichen Erinnerung und einem Erlebnis zu machen, das Sie gerne wiederholen m\u00f6chten.<\/p>\n<p>Dieser stark verzweigte See ist von zahlreichen Bergen umgeben: Mit seiner H\u00f6he von 1704 m ist der <strong>Monte Generoso<\/strong> der h\u00f6chste Berg mit Blick auf den <strong>Luganersee<\/strong>. Eine Zahnradbahn verbindet Capolago am Ufer des Sees mit dem Panoramagipfel. Zwei Standseilbahnen erklimmen die emblematischen Berge von Lugano: der <strong>Monte San Salvatore<\/strong> &#8211; von dort f\u00fchrt Sie ein wundersch\u00f6ner H\u00f6henweg zum Dorf Carona und hinauf nach Morcote &#8211; und zum Monte Br\u00e8. Dar\u00fcber hinaus bringt Sie eine Seilbahn in die sonnige Ort Serpiano, von der aus Sie bequem zum <strong>UNESCO-Weltkulturerbe<\/strong> Monte San Giorgio gelangen. Der Berg, gr\u00fcn und mit zahlreichen seltenen Pflanzen, ist einer der wichtigsten Orte f\u00fcr die Entdeckung von Fossilien aus einem alten subtropischen Meer.<\/p>\n<p>Auf einer Kreuzfahrt k\u00f6nnen Sie die Reicht\u00fcmer der Region entdecken: <strong>Morcote<\/strong> mit seinen besonderen Hotels und der Kirche Santa Maria del Sasso, einem bedeutenden Renaissancebauwerk und ihrem sp\u00e4tromanischen Glockenturm, ist wundersch\u00f6n gelegen, oder Gandria, ein malerisches kleines Fischerdorf am Ufer des Luganersees.<\/p>\n<p>Rund um den See laden zahlreiche Parks zu entspannenden Spazierg\u00e4ngen ein. Zum Beispiel der <strong>Scherrer Park<\/strong> in Morcote, der Skulptur und Architektur aus zahlreichen L\u00e4ndern und Epochen mit Zedern, mexikanischen Kiefern, Kampfer, Eukalyptus, Azaleen, Palmen, Bambus usw. kombiniert. Oder der Belvedere Park direkt am Ufer des Luganersees. Im Fr\u00fchling, w\u00e4hrend der Bl\u00fctezeit, k\u00f6nnen Besucher die Magnolien und Kamelien in ihrer ganzen Pracht bewundern.<\/p>\n<p>Das Ferienparadies am Luganersee erm\u00f6glicht es Ihnen, die Geschichte und Kultur der Schweiz zu entdecken: zum Beispiel im Schweizerischen Zollmuseum in Gandria (auch &#8222;Schmugglermuseum&#8220; genannt), das zeigt, wie Schmuggler in dieser einst sehr armen Region ihren Handel betrieben, die grosse Risiken eingehen, oder der <strong>\u00abSwissMiniatur\u00bb Park<\/strong>, der im Massstab 1:25 die wichtigsten Sehensw\u00fcrdigkeiten der Schweiz pr\u00e4sentiert. Wenn Sie sich f\u00fcr Literatur begeistern, sollten Sie das <strong>Hermann-Hesse-Museum<\/strong> <strong>in Montagnola<\/strong> nicht verpassen, in dem der Schriftsteller die H\u00e4lfte seines Lebens verbracht hat.<\/p>\n","protected":false},"excerpt":{"rendered":"<p>Das Personal des Grand Hotel Campione steht Ihnen jederzeit zur Verf\u00fcgung, um Ihren Seeurlaub zu [&hellip;]<\/p>\n","protected":false},"author":7,"featured_media":0,"parent":0,"menu_order":20,"comment_status":"closed","ping_status":"closed","template":"","meta":{"footnotes":""},"class_list":["post-320","page","type-page","status-publish","hentry"],"yoast_head":"<!-- This site is optimized with the Yoast SEO plugin v26.9 - https:\/\/yoast.com\/product\/yoast-seo-wordpress\/ -->\n<title>Erleben - Grand Hotel Campione<\/title>\n<meta name=\"robots\" content=\"index, follow, max-snippet:-1, max-image-preview:large, max-video-preview:-1\" \/>\n<link rel=\"canonical\" href=\"https:\/\/www.ghcampione.com\/de\/erleben\/\" \/>\n<meta property=\"og:locale\" content=\"de_DE\" \/>\n<meta property=\"og:type\" content=\"article\" \/>\n<meta property=\"og:title\" content=\"Erleben - Grand Hotel Campione\" \/>\n<meta property=\"og:description\" content=\"Das Personal des Grand Hotel Campione steht Ihnen jederzeit zur Verf\u00fcgung, um Ihren Seeurlaub zu [&hellip;]\" \/>\n<meta property=\"og:url\" content=\"https:\/\/www.ghcampione.com\/de\/erleben\/\" \/>\n<meta property=\"og:site_name\" content=\"Grand Hotel Campione\" \/>\n<meta property=\"article:modified_time\" content=\"2021-06-09T14:29:56+00:00\" \/>\n<meta name=\"twitter:card\" content=\"summary_large_image\" \/>\n<meta name=\"twitter:label1\" content=\"Gesch\u00e4tzte Lesezeit\" \/>\n\t<meta name=\"twitter:data1\" content=\"2 Minuten\" \/>\n<script type=\"application\/ld+json\" class=\"yoast-schema-graph\">{\"@context\":\"https:\/\/schema.org\",\"@graph\":[{\"@type\":\"WebPage\",\"@id\":\"https:\/\/www.ghcampione.com\/de\/erleben\/\",\"url\":\"https:\/\/www.ghcampione.com\/de\/erleben\/\",\"name\":\"Erleben - Grand Hotel Campione\",\"isPartOf\":{\"@id\":\"https:\/\/www.ghcampione.com\/de\/#website\"},\"datePublished\":\"2020-04-14T15:23:50+00:00\",\"dateModified\":\"2021-06-09T14:29:56+00:00\",\"breadcrumb\":{\"@id\":\"https:\/\/www.ghcampione.com\/de\/erleben\/#breadcrumb\"},\"inLanguage\":\"de-DE\",\"potentialAction\":[{\"@type\":\"ReadAction\",\"target\":[\"https:\/\/www.ghcampione.com\/de\/erleben\/\"]}]},{\"@type\":\"BreadcrumbList\",\"@id\":\"https:\/\/www.ghcampione.com\/de\/erleben\/#breadcrumb\",\"itemListElement\":[{\"@type\":\"ListItem\",\"position\":1,\"name\":\"Home\",\"item\":\"https:\/\/www.ghcampione.com\/de\/\"},{\"@type\":\"ListItem\",\"position\":2,\"name\":\"Erleben\"}]},{\"@type\":\"WebSite\",\"@id\":\"https:\/\/www.ghcampione.com\/de\/#website\",\"url\":\"https:\/\/www.ghcampione.com\/de\/\",\"name\":\"Grand Hotel Campione\",\"description\":\"Just another ms.decms.eu site\",\"potentialAction\":[{\"@type\":\"SearchAction\",\"target\":{\"@type\":\"EntryPoint\",\"urlTemplate\":\"https:\/\/www.ghcampione.com\/de\/?s={search_term_string}\"},\"query-input\":{\"@type\":\"PropertyValueSpecification\",\"valueRequired\":true,\"valueName\":\"search_term_string\"}}],\"inLanguage\":\"de-DE\"}]}<\/script>\n<!-- \/ Yoast SEO plugin. -->","yoast_head_json":{"title":"Erleben - Grand Hotel Campione","robots":{"index":"index","follow":"follow","max-snippet":"max-snippet:-1","max-image-preview":"max-image-preview:large","max-video-preview":"max-video-preview:-1"},"canonical":"https:\/\/www.ghcampione.com\/de\/erleben\/","og_locale":"de_DE","og_type":"article","og_title":"Erleben - Grand Hotel Campione","og_description":"Das Personal des Grand Hotel Campione steht Ihnen jederzeit zur Verf\u00fcgung, um Ihren Seeurlaub zu [&hellip;]","og_url":"https:\/\/www.ghcampione.com\/de\/erleben\/","og_site_name":"Grand Hotel Campione","article_modified_time":"2021-06-09T14:29:56+00:00","twitter_card":"summary_large_image","twitter_misc":{"Gesch\u00e4tzte Lesezeit":"2 Minuten"},"schema":{"@context":"https:\/\/schema.org","@graph":[{"@type":"WebPage","@id":"https:\/\/www.ghcampione.com\/de\/erleben\/","url":"https:\/\/www.ghcampione.com\/de\/erleben\/","name":"Erleben - Grand Hotel Campione","isPartOf":{"@id":"https:\/\/www.ghcampione.com\/de\/#website"},"datePublished":"2020-04-14T15:23:50+00:00","dateModified":"2021-06-09T14:29:56+00:00","breadcrumb":{"@id":"https:\/\/www.ghcampione.com\/de\/erleben\/#breadcrumb"},"inLanguage":"de-DE","potentialAction":[{"@type":"ReadAction","target":["https:\/\/www.ghcampione.com\/de\/erleben\/"]}]},{"@type":"BreadcrumbList","@id":"https:\/\/www.ghcampione.com\/de\/erleben\/#breadcrumb","itemListElement":[{"@type":"ListItem","position":1,"name":"Home","item":"https:\/\/www.ghcampione.com\/de\/"},{"@type":"ListItem","position":2,"name":"Erleben"}]},{"@type":"WebSite","@id":"https:\/\/www.ghcampione.com\/de\/#website","url":"https:\/\/www.ghcampione.com\/de\/","name":"Grand Hotel Campione","description":"Just another ms.decms.eu site","potentialAction":[{"@type":"SearchAction","target":{"@type":"EntryPoint","urlTemplate":"https:\/\/www.ghcampione.com\/de\/?s={search_term_string}"},"query-input":{"@type":"PropertyValueSpecification","valueRequired":true,"valueName":"search_term_string"}}],"inLanguage":"de-DE"}]}},"acf":[],"_links":{"self":[{"href":"https:\/\/www.ghcampione.com\/de\/wp-json\/wp\/v2\/pages\/320","targetHints":{"allow":["GET"]}}],"collection":[{"href":"https:\/\/www.ghcampione.com\/de\/wp-json\/wp\/v2\/pages"}],"about":[{"href":"https:\/\/www.ghcampione.com\/de\/wp-json\/wp\/v2\/types\/page"}],"author":[{"embeddable":true,"href":"https:\/\/www.ghcampione.com\/de\/wp-json\/wp\/v2\/users\/7"}],"replies":[{"embeddable":true,"href":"https:\/\/www.ghcampione.com\/de\/wp-json\/wp\/v2\/comments?post=320"}],"version-history":[{"count":0,"href":"https:\/\/www.ghcampione.com\/de\/wp-json\/wp\/v2\/pages\/320\/revisions"}],"wp:attachment":[{"href":"https:\/\/www.ghcampione.com\/de\/wp-json\/wp\/v2\/media?parent=320"}],"curies":[{"name":"wp","href":"https:\/\/api.w.org\/{rel}","templated":true}]}}