{"id":300,"date":"2020-04-12T15:22:31","date_gmt":"2020-04-12T15:22:31","guid":{"rendered":"https:\/\/www.ghcampione.com\/camere-e-suites\/grand-suite-modern-dandy\/"},"modified":"2021-06-09T14:12:32","modified_gmt":"2021-06-09T14:12:32","slug":"grand-suite-modern-dandy","status":"publish","type":"page","link":"https:\/\/www.ghcampione.com\/de\/camere-e-suites\/grand-suite-modern-dandy\/","title":{"rendered":"Grand Suite &#8222;Modern Dandy\u201c"},"content":{"rendered":"<p>Die Modern Dandy Suite wurde als Zufluchtsort f\u00fcr Raffinesse und Helligkeit konzipiert und bietet eine einzigartige Atmosph\u00e4re Dank an den architektonischen Stil, der die Geschichte des Hotels gepr\u00e4gt hat.<\/p>\n<p>Dieses au\u00dfergew\u00f6hnliche Zimmer mit einer Gr\u00f6\u00dfe von 54 m2 wurde mit gr\u00f6\u00dfter Sorgfalt und in einem besonderen Stil eingerichtet.<\/p>\n<p>Das mit moderner Technik ausgestattete Wohnzimmer bietet unvergleichliche Glanz, das Badezimmer mit Badewanne sorgt f\u00fcr maximale Entspannung.<\/p>\n<p>Das Modern Dandy befindet sich in der obersten Etage des Grand Hotel Campione und bietet Blick auf die Bucht und die Stadt vom Lugano. Durch das vom Himmel beleuchtete Fenster sind Sie den Sternen etwas n\u00e4her und k\u00f6nnen sich einer friedlichen himmlischen Ruhe g\u00f6nnen.<\/p>\n","protected":false},"excerpt":{"rendered":"<p>Die Modern Dandy Suite wurde als Zufluchtsort f\u00fcr Raffinesse und Helligkeit konzipiert und bietet eine [&hellip;]<\/p>\n","protected":false},"author":7,"featured_media":0,"parent":289,"menu_order":7,"comment_status":"closed","ping_status":"closed","template":"template-single-room.php","meta":{"footnotes":""},"class_list":["post-300","page","type-page","status-publish","hentry"],"yoast_head":"<!-- This site is optimized with the Yoast SEO plugin v26.9 - https:\/\/yoast.com\/product\/yoast-seo-wordpress\/ -->\n<title>Grand Suite &quot;Modern Dandy\u201c - Grand Hotel Campione<\/title>\n<meta name=\"robots\" content=\"index, follow, max-snippet:-1, max-image-preview:large, max-video-preview:-1\" \/>\n<link rel=\"canonical\" href=\"https:\/\/www.ghcampione.com\/de\/camere-e-suites\/grand-suite-modern-dandy\/\" \/>\n<meta property=\"og:locale\" content=\"de_DE\" \/>\n<meta property=\"og:type\" content=\"article\" \/>\n<meta property=\"og:title\" content=\"Grand Suite &quot;Modern Dandy\u201c - Grand Hotel Campione\" \/>\n<meta property=\"og:description\" content=\"Die Modern Dandy Suite wurde als Zufluchtsort f\u00fcr Raffinesse und Helligkeit konzipiert und bietet eine [&hellip;]\" \/>\n<meta property=\"og:url\" content=\"https:\/\/www.ghcampione.com\/de\/camere-e-suites\/grand-suite-modern-dandy\/\" \/>\n<meta property=\"og:site_name\" content=\"Grand Hotel Campione\" \/>\n<meta property=\"article:modified_time\" content=\"2021-06-09T14:12:32+00:00\" \/>\n<meta name=\"twitter:card\" content=\"summary_large_image\" \/>\n<meta name=\"twitter:label1\" content=\"Gesch\u00e4tzte Lesezeit\" \/>\n\t<meta name=\"twitter:data1\" content=\"1 Minute\" \/>\n<script type=\"application\/ld+json\" class=\"yoast-schema-graph\">{\"@context\":\"https:\/\/schema.org\",\"@graph\":[{\"@type\":\"WebPage\",\"@id\":\"https:\/\/www.ghcampione.com\/de\/camere-e-suites\/grand-suite-modern-dandy\/\",\"url\":\"https:\/\/www.ghcampione.com\/de\/camere-e-suites\/grand-suite-modern-dandy\/\",\"name\":\"Grand Suite \\\"Modern Dandy\u201c - Grand Hotel Campione\",\"isPartOf\":{\"@id\":\"https:\/\/www.ghcampione.com\/de\/#website\"},\"datePublished\":\"2020-04-12T15:22:31+00:00\",\"dateModified\":\"2021-06-09T14:12:32+00:00\",\"breadcrumb\":{\"@id\":\"https:\/\/www.ghcampione.com\/de\/camere-e-suites\/grand-suite-modern-dandy\/#breadcrumb\"},\"inLanguage\":\"de-DE\",\"potentialAction\":[{\"@type\":\"ReadAction\",\"target\":[\"https:\/\/www.ghcampione.com\/de\/camere-e-suites\/grand-suite-modern-dandy\/\"]}]},{\"@type\":\"BreadcrumbList\",\"@id\":\"https:\/\/www.ghcampione.com\/de\/camere-e-suites\/grand-suite-modern-dandy\/#breadcrumb\",\"itemListElement\":[{\"@type\":\"ListItem\",\"position\":1,\"name\":\"Home\",\"item\":\"https:\/\/www.ghcampione.com\/de\/\"},{\"@type\":\"ListItem\",\"position\":2,\"name\":\"Zimmer und Suites\",\"item\":\"https:\/\/www.ghcampione.com\/de\/camere-e-suites\/\"},{\"@type\":\"ListItem\",\"position\":3,\"name\":\"Grand Suite &#8222;Modern Dandy\u201c\"}]},{\"@type\":\"WebSite\",\"@id\":\"https:\/\/www.ghcampione.com\/de\/#website\",\"url\":\"https:\/\/www.ghcampione.com\/de\/\",\"name\":\"Grand Hotel Campione\",\"description\":\"Just another ms.decms.eu site\",\"potentialAction\":[{\"@type\":\"SearchAction\",\"target\":{\"@type\":\"EntryPoint\",\"urlTemplate\":\"https:\/\/www.ghcampione.com\/de\/?s={search_term_string}\"},\"query-input\":{\"@type\":\"PropertyValueSpecification\",\"valueRequired\":true,\"valueName\":\"search_term_string\"}}],\"inLanguage\":\"de-DE\"}]}<\/script>\n<!-- \/ Yoast SEO plugin. -->","yoast_head_json":{"title":"Grand Suite \"Modern Dandy\u201c - Grand Hotel Campione","robots":{"index":"index","follow":"follow","max-snippet":"max-snippet:-1","max-image-preview":"max-image-preview:large","max-video-preview":"max-video-preview:-1"},"canonical":"https:\/\/www.ghcampione.com\/de\/camere-e-suites\/grand-suite-modern-dandy\/","og_locale":"de_DE","og_type":"article","og_title":"Grand Suite \"Modern Dandy\u201c - Grand Hotel Campione","og_description":"Die Modern Dandy Suite wurde als Zufluchtsort f\u00fcr Raffinesse und Helligkeit konzipiert und bietet eine [&hellip;]","og_url":"https:\/\/www.ghcampione.com\/de\/camere-e-suites\/grand-suite-modern-dandy\/","og_site_name":"Grand Hotel Campione","article_modified_time":"2021-06-09T14:12:32+00:00","twitter_card":"summary_large_image","twitter_misc":{"Gesch\u00e4tzte Lesezeit":"1 Minute"},"schema":{"@context":"https:\/\/schema.org","@graph":[{"@type":"WebPage","@id":"https:\/\/www.ghcampione.com\/de\/camere-e-suites\/grand-suite-modern-dandy\/","url":"https:\/\/www.ghcampione.com\/de\/camere-e-suites\/grand-suite-modern-dandy\/","name":"Grand Suite \"Modern Dandy\u201c - Grand Hotel Campione","isPartOf":{"@id":"https:\/\/www.ghcampione.com\/de\/#website"},"datePublished":"2020-04-12T15:22:31+00:00","dateModified":"2021-06-09T14:12:32+00:00","breadcrumb":{"@id":"https:\/\/www.ghcampione.com\/de\/camere-e-suites\/grand-suite-modern-dandy\/#breadcrumb"},"inLanguage":"de-DE","potentialAction":[{"@type":"ReadAction","target":["https:\/\/www.ghcampione.com\/de\/camere-e-suites\/grand-suite-modern-dandy\/"]}]},{"@type":"BreadcrumbList","@id":"https:\/\/www.ghcampione.com\/de\/camere-e-suites\/grand-suite-modern-dandy\/#breadcrumb","itemListElement":[{"@type":"ListItem","position":1,"name":"Home","item":"https:\/\/www.ghcampione.com\/de\/"},{"@type":"ListItem","position":2,"name":"Zimmer und Suites","item":"https:\/\/www.ghcampione.com\/de\/camere-e-suites\/"},{"@type":"ListItem","position":3,"name":"Grand Suite &#8222;Modern Dandy\u201c"}]},{"@type":"WebSite","@id":"https:\/\/www.ghcampione.com\/de\/#website","url":"https:\/\/www.ghcampione.com\/de\/","name":"Grand Hotel Campione","description":"Just another ms.decms.eu site","potentialAction":[{"@type":"SearchAction","target":{"@type":"EntryPoint","urlTemplate":"https:\/\/www.ghcampione.com\/de\/?s={search_term_string}"},"query-input":{"@type":"PropertyValueSpecification","valueRequired":true,"valueName":"search_term_string"}}],"inLanguage":"de-DE"}]}},"acf":[],"_links":{"self":[{"href":"https:\/\/www.ghcampione.com\/de\/wp-json\/wp\/v2\/pages\/300","targetHints":{"allow":["GET"]}}],"collection":[{"href":"https:\/\/www.ghcampione.com\/de\/wp-json\/wp\/v2\/pages"}],"about":[{"href":"https:\/\/www.ghcampione.com\/de\/wp-json\/wp\/v2\/types\/page"}],"author":[{"embeddable":true,"href":"https:\/\/www.ghcampione.com\/de\/wp-json\/wp\/v2\/users\/7"}],"replies":[{"embeddable":true,"href":"https:\/\/www.ghcampione.com\/de\/wp-json\/wp\/v2\/comments?post=300"}],"version-history":[{"count":0,"href":"https:\/\/www.ghcampione.com\/de\/wp-json\/wp\/v2\/pages\/300\/revisions"}],"up":[{"embeddable":true,"href":"https:\/\/www.ghcampione.com\/de\/wp-json\/wp\/v2\/pages\/289"}],"wp:attachment":[{"href":"https:\/\/www.ghcampione.com\/de\/wp-json\/wp\/v2\/media?parent=300"}],"curies":[{"name":"wp","href":"https:\/\/api.w.org\/{rel}","templated":true}]}}