{"id":292,"date":"2020-04-10T15:03:19","date_gmt":"2020-04-10T15:03:19","guid":{"rendered":"https:\/\/www.ghcampione.com\/camere-e-suites\/camera-premium\/"},"modified":"2021-06-09T14:06:37","modified_gmt":"2021-06-09T14:06:37","slug":"premium-zimmer","status":"publish","type":"page","link":"https:\/\/www.ghcampione.com\/de\/camere-e-suites\/premium-zimmer\/","title":{"rendered":"Premium Zimmer"},"content":{"rendered":"<p>Die Premium-Zimmer mit seitlichem Seeblick und perfekte Annehmlichkeiten sind gro\u00dfz\u00fcgig geschnitten und bieten Stil und Einzigartigkeit. Tauchen Sie f\u00fcr Ihre Gesch\u00e4ftsreisen oder Ihren Familienurlaub in die pr\u00e4chtige Welt des Grand Hotel Campione f\u00fcr eine au\u00dfergew\u00f6hnliches Erlebnis!<\/p>\n","protected":false},"excerpt":{"rendered":"<p>Die Premium-Zimmer mit seitlichem Seeblick und perfekte Annehmlichkeiten sind gro\u00dfz\u00fcgig geschnitten und bieten Stil und [&hellip;]<\/p>\n","protected":false},"author":7,"featured_media":0,"parent":289,"menu_order":1,"comment_status":"closed","ping_status":"closed","template":"template-single-room.php","meta":{"footnotes":""},"class_list":["post-292","page","type-page","status-publish","hentry"],"yoast_head":"<!-- This site is optimized with the Yoast SEO plugin v26.9 - https:\/\/yoast.com\/product\/yoast-seo-wordpress\/ -->\n<title>Premium Zimmer - Grand Hotel Campione<\/title>\n<meta name=\"robots\" content=\"index, follow, max-snippet:-1, max-image-preview:large, max-video-preview:-1\" \/>\n<link rel=\"canonical\" href=\"https:\/\/www.ghcampione.com\/de\/camere-e-suites\/premium-zimmer\/\" \/>\n<meta property=\"og:locale\" content=\"de_DE\" \/>\n<meta property=\"og:type\" content=\"article\" \/>\n<meta property=\"og:title\" content=\"Premium Zimmer - Grand Hotel Campione\" \/>\n<meta property=\"og:description\" content=\"Die Premium-Zimmer mit seitlichem Seeblick und perfekte Annehmlichkeiten sind gro\u00dfz\u00fcgig geschnitten und bieten Stil und [&hellip;]\" \/>\n<meta property=\"og:url\" content=\"https:\/\/www.ghcampione.com\/de\/camere-e-suites\/premium-zimmer\/\" \/>\n<meta property=\"og:site_name\" content=\"Grand Hotel Campione\" \/>\n<meta property=\"article:modified_time\" content=\"2021-06-09T14:06:37+00:00\" \/>\n<meta name=\"twitter:card\" content=\"summary_large_image\" \/>\n<script type=\"application\/ld+json\" class=\"yoast-schema-graph\">{\"@context\":\"https:\/\/schema.org\",\"@graph\":[{\"@type\":\"WebPage\",\"@id\":\"https:\/\/www.ghcampione.com\/de\/camere-e-suites\/premium-zimmer\/\",\"url\":\"https:\/\/www.ghcampione.com\/de\/camere-e-suites\/premium-zimmer\/\",\"name\":\"Premium Zimmer - Grand Hotel Campione\",\"isPartOf\":{\"@id\":\"https:\/\/www.ghcampione.com\/de\/#website\"},\"datePublished\":\"2020-04-10T15:03:19+00:00\",\"dateModified\":\"2021-06-09T14:06:37+00:00\",\"breadcrumb\":{\"@id\":\"https:\/\/www.ghcampione.com\/de\/camere-e-suites\/premium-zimmer\/#breadcrumb\"},\"inLanguage\":\"de-DE\",\"potentialAction\":[{\"@type\":\"ReadAction\",\"target\":[\"https:\/\/www.ghcampione.com\/de\/camere-e-suites\/premium-zimmer\/\"]}]},{\"@type\":\"BreadcrumbList\",\"@id\":\"https:\/\/www.ghcampione.com\/de\/camere-e-suites\/premium-zimmer\/#breadcrumb\",\"itemListElement\":[{\"@type\":\"ListItem\",\"position\":1,\"name\":\"Home\",\"item\":\"https:\/\/www.ghcampione.com\/de\/\"},{\"@type\":\"ListItem\",\"position\":2,\"name\":\"Zimmer und Suites\",\"item\":\"https:\/\/www.ghcampione.com\/de\/camere-e-suites\/\"},{\"@type\":\"ListItem\",\"position\":3,\"name\":\"Premium Zimmer\"}]},{\"@type\":\"WebSite\",\"@id\":\"https:\/\/www.ghcampione.com\/de\/#website\",\"url\":\"https:\/\/www.ghcampione.com\/de\/\",\"name\":\"Grand Hotel Campione\",\"description\":\"Just another ms.decms.eu site\",\"potentialAction\":[{\"@type\":\"SearchAction\",\"target\":{\"@type\":\"EntryPoint\",\"urlTemplate\":\"https:\/\/www.ghcampione.com\/de\/?s={search_term_string}\"},\"query-input\":{\"@type\":\"PropertyValueSpecification\",\"valueRequired\":true,\"valueName\":\"search_term_string\"}}],\"inLanguage\":\"de-DE\"}]}<\/script>\n<!-- \/ Yoast SEO plugin. -->","yoast_head_json":{"title":"Premium Zimmer - Grand Hotel Campione","robots":{"index":"index","follow":"follow","max-snippet":"max-snippet:-1","max-image-preview":"max-image-preview:large","max-video-preview":"max-video-preview:-1"},"canonical":"https:\/\/www.ghcampione.com\/de\/camere-e-suites\/premium-zimmer\/","og_locale":"de_DE","og_type":"article","og_title":"Premium Zimmer - Grand Hotel Campione","og_description":"Die Premium-Zimmer mit seitlichem Seeblick und perfekte Annehmlichkeiten sind gro\u00dfz\u00fcgig geschnitten und bieten Stil und [&hellip;]","og_url":"https:\/\/www.ghcampione.com\/de\/camere-e-suites\/premium-zimmer\/","og_site_name":"Grand Hotel Campione","article_modified_time":"2021-06-09T14:06:37+00:00","twitter_card":"summary_large_image","schema":{"@context":"https:\/\/schema.org","@graph":[{"@type":"WebPage","@id":"https:\/\/www.ghcampione.com\/de\/camere-e-suites\/premium-zimmer\/","url":"https:\/\/www.ghcampione.com\/de\/camere-e-suites\/premium-zimmer\/","name":"Premium Zimmer - Grand Hotel Campione","isPartOf":{"@id":"https:\/\/www.ghcampione.com\/de\/#website"},"datePublished":"2020-04-10T15:03:19+00:00","dateModified":"2021-06-09T14:06:37+00:00","breadcrumb":{"@id":"https:\/\/www.ghcampione.com\/de\/camere-e-suites\/premium-zimmer\/#breadcrumb"},"inLanguage":"de-DE","potentialAction":[{"@type":"ReadAction","target":["https:\/\/www.ghcampione.com\/de\/camere-e-suites\/premium-zimmer\/"]}]},{"@type":"BreadcrumbList","@id":"https:\/\/www.ghcampione.com\/de\/camere-e-suites\/premium-zimmer\/#breadcrumb","itemListElement":[{"@type":"ListItem","position":1,"name":"Home","item":"https:\/\/www.ghcampione.com\/de\/"},{"@type":"ListItem","position":2,"name":"Zimmer und Suites","item":"https:\/\/www.ghcampione.com\/de\/camere-e-suites\/"},{"@type":"ListItem","position":3,"name":"Premium Zimmer"}]},{"@type":"WebSite","@id":"https:\/\/www.ghcampione.com\/de\/#website","url":"https:\/\/www.ghcampione.com\/de\/","name":"Grand Hotel Campione","description":"Just another ms.decms.eu site","potentialAction":[{"@type":"SearchAction","target":{"@type":"EntryPoint","urlTemplate":"https:\/\/www.ghcampione.com\/de\/?s={search_term_string}"},"query-input":{"@type":"PropertyValueSpecification","valueRequired":true,"valueName":"search_term_string"}}],"inLanguage":"de-DE"}]}},"acf":[],"_links":{"self":[{"href":"https:\/\/www.ghcampione.com\/de\/wp-json\/wp\/v2\/pages\/292","targetHints":{"allow":["GET"]}}],"collection":[{"href":"https:\/\/www.ghcampione.com\/de\/wp-json\/wp\/v2\/pages"}],"about":[{"href":"https:\/\/www.ghcampione.com\/de\/wp-json\/wp\/v2\/types\/page"}],"author":[{"embeddable":true,"href":"https:\/\/www.ghcampione.com\/de\/wp-json\/wp\/v2\/users\/7"}],"replies":[{"embeddable":true,"href":"https:\/\/www.ghcampione.com\/de\/wp-json\/wp\/v2\/comments?post=292"}],"version-history":[{"count":0,"href":"https:\/\/www.ghcampione.com\/de\/wp-json\/wp\/v2\/pages\/292\/revisions"}],"up":[{"embeddable":true,"href":"https:\/\/www.ghcampione.com\/de\/wp-json\/wp\/v2\/pages\/289"}],"wp:attachment":[{"href":"https:\/\/www.ghcampione.com\/de\/wp-json\/wp\/v2\/media?parent=292"}],"curies":[{"name":"wp","href":"https:\/\/api.w.org\/{rel}","templated":true}]}}