{"id":286,"date":"2020-04-02T14:55:34","date_gmt":"2020-04-02T14:55:34","guid":{"rendered":"https:\/\/www.ghcampione.com\/grand-hotel-campione\/"},"modified":"2021-12-16T14:08:39","modified_gmt":"2021-12-16T14:08:39","slug":"grand-hotel-campione","status":"publish","type":"page","link":"https:\/\/www.ghcampione.com\/de\/","title":{"rendered":"Grand Hotel Campione"},"content":{"rendered":"<p>Elegant am Ufer des <strong>Luganersee<\/strong> mit einem herrlichen Blick auf den ber\u00fchmten <strong>San Salvatore<\/strong>-Berg gelegen<\/p>\n<p>Hier finden Sie eine intime\u00a0und gem\u00fctliche\u00a0Atmosph\u00e4re f\u00fcr Ihren Urlaub, wo\u00a0Exzellenz\u00a0f\u00fcr Gleichgesinnten mit denselben Werten ebenso\u00a0Berufung\u00a0wie\u00a0Versprechen\u00a0ist<\/p>\n<p>Genie\u00dfen Sie die exquisit eingerichteten Zimmer und Suiten sowie die k\u00f6stliche K\u00fcche in unserer Val\u00ec Restaurant.<\/p>\n<p>Grand Hotel Campione, von <a href=\"https:\/\/khamashospitality.com\/\" target=\"_blank\" rel=\"noopener noreferrer\"><strong>Khamas Hospitality<\/strong><\/a> signiert, einer Marke die f\u00fcr ihre F\u00e4higkeit bekannt geworden ist, echte kreative Universen zu konzipieren<\/p>\n<p>Von M\u00f6beln bis zu Dekorationen versprechen sie, jeden Geschmack und Stil zu befriedigen.<\/p>\n<p>Das einzigartige, authentische und streng gestaltete Design des Grand Hotel Campione dr\u00fcckt das Konzept einer absolut &#8222;ma\u00dfgeschneiderten&#8220; Gastfreundschaft aus<\/p>\n<p>Die 40 Zimmer, darunter 10 Elite-Zimmer und zwei Suite mit vollem Blick auf den Ceresio-See, alle Ger\u00e4umigkeit und Komfort bevorzugen. Die Innenr\u00e4ume sind das Ergebnis einer cleveren Mischung aus Klassik und Moderne mit kulturellen Einfl\u00fcssen die von MMA-Projektstudios von Mangili Marco und Alessandro Vaghi aus Mailand typisch sind.<\/p>\n","protected":false},"excerpt":{"rendered":"<p>Elegant am Ufer des Luganersee mit einem herrlichen Blick auf den ber\u00fchmten San Salvatore-Berg gelegen [&hellip;]<\/p>\n","protected":false},"author":7,"featured_media":0,"parent":0,"menu_order":0,"comment_status":"closed","ping_status":"closed","template":"","meta":{"footnotes":""},"class_list":["post-286","page","type-page","status-publish","hentry"],"yoast_head":"<!-- This site is optimized with the Yoast SEO plugin v26.9 - https:\/\/yoast.com\/product\/yoast-seo-wordpress\/ -->\n<title>Grand Hotel Campione - Grand Hotel Campione<\/title>\n<meta name=\"robots\" content=\"index, follow, max-snippet:-1, max-image-preview:large, max-video-preview:-1\" \/>\n<link rel=\"canonical\" href=\"https:\/\/www.ghcampione.com\/de\/\" \/>\n<meta property=\"og:locale\" content=\"de_DE\" \/>\n<meta property=\"og:type\" content=\"article\" \/>\n<meta property=\"og:title\" content=\"Grand Hotel Campione - Grand Hotel Campione\" \/>\n<meta property=\"og:description\" content=\"Elegant am Ufer des Luganersee mit einem herrlichen Blick auf den ber\u00fchmten San Salvatore-Berg gelegen [&hellip;]\" \/>\n<meta property=\"og:url\" content=\"https:\/\/www.ghcampione.com\/de\/\" \/>\n<meta property=\"og:site_name\" content=\"Grand Hotel Campione\" \/>\n<meta property=\"article:modified_time\" content=\"2021-12-16T14:08:39+00:00\" \/>\n<meta name=\"twitter:card\" content=\"summary_large_image\" \/>\n<meta name=\"twitter:label1\" content=\"Gesch\u00e4tzte Lesezeit\" \/>\n\t<meta name=\"twitter:data1\" content=\"1 Minute\" \/>\n<script type=\"application\/ld+json\" class=\"yoast-schema-graph\">{\"@context\":\"https:\/\/schema.org\",\"@graph\":[{\"@type\":\"WebPage\",\"@id\":\"https:\/\/www.ghcampione.com\/de\/\",\"url\":\"https:\/\/www.ghcampione.com\/de\/\",\"name\":\"Grand Hotel Campione - Grand Hotel Campione\",\"isPartOf\":{\"@id\":\"https:\/\/www.ghcampione.com\/de\/#website\"},\"datePublished\":\"2020-04-02T14:55:34+00:00\",\"dateModified\":\"2021-12-16T14:08:39+00:00\",\"breadcrumb\":{\"@id\":\"https:\/\/www.ghcampione.com\/de\/#breadcrumb\"},\"inLanguage\":\"de-DE\",\"potentialAction\":[{\"@type\":\"ReadAction\",\"target\":[\"https:\/\/www.ghcampione.com\/de\/\"]}]},{\"@type\":\"BreadcrumbList\",\"@id\":\"https:\/\/www.ghcampione.com\/de\/#breadcrumb\",\"itemListElement\":[{\"@type\":\"ListItem\",\"position\":1,\"name\":\"Home\",\"item\":\"https:\/\/www.ghcampione.com\/de\/\"},{\"@type\":\"ListItem\",\"position\":2,\"name\":\"Grand Hotel Campione\"}]},{\"@type\":\"WebSite\",\"@id\":\"https:\/\/www.ghcampione.com\/de\/#website\",\"url\":\"https:\/\/www.ghcampione.com\/de\/\",\"name\":\"Grand Hotel Campione\",\"description\":\"Just another ms.decms.eu site\",\"potentialAction\":[{\"@type\":\"SearchAction\",\"target\":{\"@type\":\"EntryPoint\",\"urlTemplate\":\"https:\/\/www.ghcampione.com\/de\/?s={search_term_string}\"},\"query-input\":{\"@type\":\"PropertyValueSpecification\",\"valueRequired\":true,\"valueName\":\"search_term_string\"}}],\"inLanguage\":\"de-DE\"}]}<\/script>\n<!-- \/ Yoast SEO plugin. -->","yoast_head_json":{"title":"Grand Hotel Campione - Grand Hotel Campione","robots":{"index":"index","follow":"follow","max-snippet":"max-snippet:-1","max-image-preview":"max-image-preview:large","max-video-preview":"max-video-preview:-1"},"canonical":"https:\/\/www.ghcampione.com\/de\/","og_locale":"de_DE","og_type":"article","og_title":"Grand Hotel Campione - Grand Hotel Campione","og_description":"Elegant am Ufer des Luganersee mit einem herrlichen Blick auf den ber\u00fchmten San Salvatore-Berg gelegen [&hellip;]","og_url":"https:\/\/www.ghcampione.com\/de\/","og_site_name":"Grand Hotel Campione","article_modified_time":"2021-12-16T14:08:39+00:00","twitter_card":"summary_large_image","twitter_misc":{"Gesch\u00e4tzte Lesezeit":"1 Minute"},"schema":{"@context":"https:\/\/schema.org","@graph":[{"@type":"WebPage","@id":"https:\/\/www.ghcampione.com\/de\/","url":"https:\/\/www.ghcampione.com\/de\/","name":"Grand Hotel Campione - Grand Hotel Campione","isPartOf":{"@id":"https:\/\/www.ghcampione.com\/de\/#website"},"datePublished":"2020-04-02T14:55:34+00:00","dateModified":"2021-12-16T14:08:39+00:00","breadcrumb":{"@id":"https:\/\/www.ghcampione.com\/de\/#breadcrumb"},"inLanguage":"de-DE","potentialAction":[{"@type":"ReadAction","target":["https:\/\/www.ghcampione.com\/de\/"]}]},{"@type":"BreadcrumbList","@id":"https:\/\/www.ghcampione.com\/de\/#breadcrumb","itemListElement":[{"@type":"ListItem","position":1,"name":"Home","item":"https:\/\/www.ghcampione.com\/de\/"},{"@type":"ListItem","position":2,"name":"Grand Hotel Campione"}]},{"@type":"WebSite","@id":"https:\/\/www.ghcampione.com\/de\/#website","url":"https:\/\/www.ghcampione.com\/de\/","name":"Grand Hotel Campione","description":"Just another ms.decms.eu site","potentialAction":[{"@type":"SearchAction","target":{"@type":"EntryPoint","urlTemplate":"https:\/\/www.ghcampione.com\/de\/?s={search_term_string}"},"query-input":{"@type":"PropertyValueSpecification","valueRequired":true,"valueName":"search_term_string"}}],"inLanguage":"de-DE"}]}},"acf":[],"_links":{"self":[{"href":"https:\/\/www.ghcampione.com\/de\/wp-json\/wp\/v2\/pages\/286","targetHints":{"allow":["GET"]}}],"collection":[{"href":"https:\/\/www.ghcampione.com\/de\/wp-json\/wp\/v2\/pages"}],"about":[{"href":"https:\/\/www.ghcampione.com\/de\/wp-json\/wp\/v2\/types\/page"}],"author":[{"embeddable":true,"href":"https:\/\/www.ghcampione.com\/de\/wp-json\/wp\/v2\/users\/7"}],"replies":[{"embeddable":true,"href":"https:\/\/www.ghcampione.com\/de\/wp-json\/wp\/v2\/comments?post=286"}],"version-history":[{"count":0,"href":"https:\/\/www.ghcampione.com\/de\/wp-json\/wp\/v2\/pages\/286\/revisions"}],"wp:attachment":[{"href":"https:\/\/www.ghcampione.com\/de\/wp-json\/wp\/v2\/media?parent=286"}],"curies":[{"name":"wp","href":"https:\/\/api.w.org\/{rel}","templated":true}]}}